{"id":13,"date":"2019-02-21T22:20:09","date_gmt":"2019-02-21T22:20:09","guid":{"rendered":"https:\/\/www.himalayanworkwear.com\/wp\/?page_id=13"},"modified":"2020-11-02T10:02:47","modified_gmt":"2020-11-02T10:02:47","slug":"about","status":"publish","type":"page","link":"https:\/\/www.himalayanworkwear.com\/fr\/about\/","title":{"rendered":"NOUS CONNAITRE"},"content":{"rendered":"<\/p>\n<div class=\"pageBanner\"><img decoding=\"async\" class=\"img-fluid\" src=\"\/wp-content\/uploads\/2020\/09\/nous-connaitre-about-us-fr.jpg\" alt=\"nous-connaitre\" \/><\/div>\n<div class=\"article-row row justify-content-center\">\n<div class=\"article-content col-lg-8 col-md-6\">\n<p>Implant\u00e9e en plein c\u0153ur de l\u2019Ard\u00e8che dans un site historique de fabrication de chaussures de s\u00e9curit\u00e9, CFP est la filiale fran\u00e7aise d\u2019un grand groupe sp\u00e9cialis\u00e9 dans les Equipements de Protection Individuel (EPI). CFP, s\u2019appuie sur une \u00e9quipe de professionnels ayant une grande exp\u00e9rience dans le domaine de la fabrication ainsi qu\u2019une grande connaissance du march\u00e9 de la s\u00e9curit\u00e9. CFP est \u00e0 votre service pour vous conseiller.<\/p>\n<\/div>\n<\/div>\n<p>","protected":false},"excerpt":{"rendered":"","protected":false},"author":1,"featured_media":0,"parent":0,"menu_order":0,"comment_status":"closed","ping_status":"closed","template":"","meta":{"footnotes":""},"yoast_head":"<!-- This site is optimized with the Yoast SEO plugin v22.4 - https:\/\/yoast.com\/wordpress\/plugins\/seo\/ -->\n<title>All About Himalayan Workwear And Safety Footwear<\/title>\n<meta name=\"description\" content=\"Himalayan Workwear All you need to know about Himalayan safety footwear and workwear brand from Briggs Safetywear, based in Leicester, UK.\" \/>\n<meta name=\"robots\" content=\"index, follow, max-snippet:-1, max-image-preview:large, max-video-preview:-1\" \/>\n<link rel=\"canonical\" href=\"https:\/\/www.himalayanworkwear.com\/fr\/about\/\" \/>\n<meta property=\"og:locale\" content=\"fr_FR\" \/>\n<meta property=\"og:type\" content=\"article\" \/>\n<meta property=\"og:title\" content=\"#GOwork - Lightweight, highly flexible, anti-fatigue safety footwear from Himalayan\" \/>\n<meta property=\"og:description\" content=\"Lightweight safety footwear you can wear all day, without the usual tiredness you get from traditional safety footwear\" \/>\n<meta property=\"og:url\" content=\"https:\/\/www.himalayanworkwear.com\/fr\/about\/\" \/>\n<meta property=\"og:site_name\" content=\"Himalayan Workwear\" \/>\n<meta property=\"article:publisher\" content=\"https:\/\/www.facebook.com\/BriggsSafetyWear\/\" \/>\n<meta property=\"article:modified_time\" content=\"2020-11-02T10:02:47+00:00\" \/>\n<meta property=\"og:image\" content=\"http:\/\/www.himalayanworkwear.com\/wp-content\/uploads\/2019\/08\/Blog-Image-e1566244104587.jpg\" \/>\n\t<meta property=\"og:image:width\" content=\"800\" \/>\n\t<meta property=\"og:image:height\" content=\"566\" \/>\n\t<meta property=\"og:image:type\" content=\"image\/jpeg\" \/>\n<meta name=\"twitter:card\" content=\"summary_large_image\" \/>\n<meta name=\"twitter:title\" content=\"#GOwork - Lightweight, highly flexible, anti-fatigue safety footwear from Himalayan\" \/>\n<meta name=\"twitter:description\" content=\"Lightweight safety footwear you can wear all day, without the usual tiredness you get from traditional safety footwear\" \/>\n<meta name=\"twitter:image\" content=\"https:\/\/www.himalayanworkwear.com\/wp-content\/uploads\/2019\/08\/Blog-Image-e1566244104587.jpg\" \/>\n<meta name=\"twitter:site\" content=\"@BriggsIFLtd\" \/>\n<meta name=\"twitter:label1\" content=\"Dur\u00e9e de lecture estim\u00e9e\" \/>\n\t<meta name=\"twitter:data1\" content=\"1 minute\" \/>\n<script type=\"application\/ld+json\" class=\"yoast-schema-graph\">{\"@context\":\"https:\/\/schema.org\",\"@graph\":[{\"@type\":\"WebPage\",\"@id\":\"https:\/\/www.himalayanworkwear.com\/about\/\",\"url\":\"https:\/\/www.himalayanworkwear.com\/about\/\",\"name\":\"All About Himalayan Workwear And Safety Footwear\",\"isPartOf\":{\"@id\":\"https:\/\/www.himalayanworkwear.com\/#website\"},\"datePublished\":\"2019-02-21T22:20:09+00:00\",\"dateModified\":\"2020-11-02T10:02:47+00:00\",\"description\":\"Himalayan Workwear All you need to know about Himalayan safety footwear and workwear brand from Briggs Safetywear, based in Leicester, UK.\",\"breadcrumb\":{\"@id\":\"https:\/\/www.himalayanworkwear.com\/about\/#breadcrumb\"},\"inLanguage\":\"fr-FR\",\"potentialAction\":[{\"@type\":\"ReadAction\",\"target\":[\"https:\/\/www.himalayanworkwear.com\/about\/\"]}]},{\"@type\":\"BreadcrumbList\",\"@id\":\"https:\/\/www.himalayanworkwear.com\/about\/#breadcrumb\",\"itemListElement\":[{\"@type\":\"ListItem\",\"position\":1,\"name\":\"Home\",\"item\":\"https:\/\/www.himalayanworkwear.com\/\"},{\"@type\":\"ListItem\",\"position\":2,\"name\":\"About\"}]},{\"@type\":\"WebSite\",\"@id\":\"https:\/\/www.himalayanworkwear.com\/#website\",\"url\":\"https:\/\/www.himalayanworkwear.com\/\",\"name\":\"Himalayan Workwear\",\"description\":\"Himalayan Workwear &amp; Safety Footwear\",\"publisher\":{\"@id\":\"https:\/\/www.himalayanworkwear.com\/#organization\"},\"potentialAction\":[{\"@type\":\"SearchAction\",\"target\":{\"@type\":\"EntryPoint\",\"urlTemplate\":\"https:\/\/www.himalayanworkwear.com\/?s={search_term_string}\"},\"query-input\":\"required name=search_term_string\"}],\"inLanguage\":\"fr-FR\"},{\"@type\":\"Organization\",\"@id\":\"https:\/\/www.himalayanworkwear.com\/#organization\",\"name\":\"Himalayan Workwear\",\"url\":\"https:\/\/www.himalayanworkwear.com\/\",\"logo\":{\"@type\":\"ImageObject\",\"inLanguage\":\"fr-FR\",\"@id\":\"https:\/\/www.himalayanworkwear.com\/#\/schema\/logo\/image\/\",\"url\":\"https:\/\/www.himalayanworkwear.com\/wp-content\/uploads\/2020\/03\/himalayan-square-logo-e1584092966790.jpg\",\"contentUrl\":\"https:\/\/www.himalayanworkwear.com\/wp-content\/uploads\/2020\/03\/himalayan-square-logo-e1584092966790.jpg\",\"width\":150,\"height\":150,\"caption\":\"Himalayan Workwear\"},\"image\":{\"@id\":\"https:\/\/www.himalayanworkwear.com\/#\/schema\/logo\/image\/\"},\"sameAs\":[\"https:\/\/www.facebook.com\/BriggsSafetyWear\/\",\"https:\/\/twitter.com\/BriggsIFLtd\",\"https:\/\/www.instagram.com\/himalayan_iconic_workwear\/\",\"https:\/\/www.linkedin.com\/in\/briggs-safetywear-marketing-1822275a\/\",\"https:\/\/www.pinterest.co.uk\/BriggsSafetywr\/\"]}]}<\/script>\n<!-- \/ Yoast SEO plugin. -->","yoast_head_json":{"title":"All About Himalayan Workwear And Safety Footwear","description":"Himalayan Workwear All you need to know about Himalayan safety footwear and workwear brand from Briggs Safetywear, based in Leicester, UK.","robots":{"index":"index","follow":"follow","max-snippet":"max-snippet:-1","max-image-preview":"max-image-preview:large","max-video-preview":"max-video-preview:-1"},"canonical":"https:\/\/www.himalayanworkwear.com\/fr\/about\/","og_locale":"fr_FR","og_type":"article","og_title":"#GOwork - Lightweight, highly flexible, anti-fatigue safety footwear from Himalayan","og_description":"Lightweight safety footwear you can wear all day, without the usual tiredness you get from traditional safety footwear","og_url":"https:\/\/www.himalayanworkwear.com\/fr\/about\/","og_site_name":"Himalayan Workwear","article_publisher":"https:\/\/www.facebook.com\/BriggsSafetyWear\/","article_modified_time":"2020-11-02T10:02:47+00:00","og_image":[{"width":800,"height":566,"url":"http:\/\/www.himalayanworkwear.com\/wp-content\/uploads\/2019\/08\/Blog-Image-e1566244104587.jpg","type":"image\/jpeg"}],"twitter_card":"summary_large_image","twitter_title":"#GOwork - Lightweight, highly flexible, anti-fatigue safety footwear from Himalayan","twitter_description":"Lightweight safety footwear you can wear all day, without the usual tiredness you get from traditional safety footwear","twitter_image":"https:\/\/www.himalayanworkwear.com\/wp-content\/uploads\/2019\/08\/Blog-Image-e1566244104587.jpg","twitter_site":"@BriggsIFLtd","twitter_misc":{"Dur\u00e9e de lecture estim\u00e9e":"1 minute"},"schema":{"@context":"https:\/\/schema.org","@graph":[{"@type":"WebPage","@id":"https:\/\/www.himalayanworkwear.com\/about\/","url":"https:\/\/www.himalayanworkwear.com\/about\/","name":"All About Himalayan Workwear And Safety Footwear","isPartOf":{"@id":"https:\/\/www.himalayanworkwear.com\/#website"},"datePublished":"2019-02-21T22:20:09+00:00","dateModified":"2020-11-02T10:02:47+00:00","description":"Himalayan Workwear All you need to know about Himalayan safety footwear and workwear brand from Briggs Safetywear, based in Leicester, UK.","breadcrumb":{"@id":"https:\/\/www.himalayanworkwear.com\/about\/#breadcrumb"},"inLanguage":"fr-FR","potentialAction":[{"@type":"ReadAction","target":["https:\/\/www.himalayanworkwear.com\/about\/"]}]},{"@type":"BreadcrumbList","@id":"https:\/\/www.himalayanworkwear.com\/about\/#breadcrumb","itemListElement":[{"@type":"ListItem","position":1,"name":"Home","item":"https:\/\/www.himalayanworkwear.com\/"},{"@type":"ListItem","position":2,"name":"About"}]},{"@type":"WebSite","@id":"https:\/\/www.himalayanworkwear.com\/#website","url":"https:\/\/www.himalayanworkwear.com\/","name":"Himalayan Workwear","description":"Himalayan Workwear &amp; Safety Footwear","publisher":{"@id":"https:\/\/www.himalayanworkwear.com\/#organization"},"potentialAction":[{"@type":"SearchAction","target":{"@type":"EntryPoint","urlTemplate":"https:\/\/www.himalayanworkwear.com\/?s={search_term_string}"},"query-input":"required name=search_term_string"}],"inLanguage":"fr-FR"},{"@type":"Organization","@id":"https:\/\/www.himalayanworkwear.com\/#organization","name":"Himalayan Workwear","url":"https:\/\/www.himalayanworkwear.com\/","logo":{"@type":"ImageObject","inLanguage":"fr-FR","@id":"https:\/\/www.himalayanworkwear.com\/#\/schema\/logo\/image\/","url":"https:\/\/www.himalayanworkwear.com\/wp-content\/uploads\/2020\/03\/himalayan-square-logo-e1584092966790.jpg","contentUrl":"https:\/\/www.himalayanworkwear.com\/wp-content\/uploads\/2020\/03\/himalayan-square-logo-e1584092966790.jpg","width":150,"height":150,"caption":"Himalayan Workwear"},"image":{"@id":"https:\/\/www.himalayanworkwear.com\/#\/schema\/logo\/image\/"},"sameAs":["https:\/\/www.facebook.com\/BriggsSafetyWear\/","https:\/\/twitter.com\/BriggsIFLtd","https:\/\/www.instagram.com\/himalayan_iconic_workwear\/","https:\/\/www.linkedin.com\/in\/briggs-safetywear-marketing-1822275a\/","https:\/\/www.pinterest.co.uk\/BriggsSafetywr\/"]}]}},"_links":{"self":[{"href":"https:\/\/www.himalayanworkwear.com\/fr\/wp-json\/wp\/v2\/pages\/13"}],"collection":[{"href":"https:\/\/www.himalayanworkwear.com\/fr\/wp-json\/wp\/v2\/pages"}],"about":[{"href":"https:\/\/www.himalayanworkwear.com\/fr\/wp-json\/wp\/v2\/types\/page"}],"author":[{"embeddable":true,"href":"https:\/\/www.himalayanworkwear.com\/fr\/wp-json\/wp\/v2\/users\/1"}],"replies":[{"embeddable":true,"href":"https:\/\/www.himalayanworkwear.com\/fr\/wp-json\/wp\/v2\/comments?post=13"}],"version-history":[{"count":10,"href":"https:\/\/www.himalayanworkwear.com\/fr\/wp-json\/wp\/v2\/pages\/13\/revisions"}],"predecessor-version":[{"id":1738,"href":"https:\/\/www.himalayanworkwear.com\/fr\/wp-json\/wp\/v2\/pages\/13\/revisions\/1738"}],"wp:attachment":[{"href":"https:\/\/www.himalayanworkwear.com\/fr\/wp-json\/wp\/v2\/media?parent=13"}],"curies":[{"name":"wp","href":"https:\/\/api.w.org\/{rel}","templated":true}]}}